{"id":17,"date":"2017-06-22T21:27:30","date_gmt":"2017-06-22T21:27:30","guid":{"rendered":"https:\/\/atlantis-abenteuerland.de\/?page_id=17"},"modified":"2020-10-30T16:42:13","modified_gmt":"2020-10-30T16:42:13","slug":"herzlich-willkommen-im-atlantis-abenteuerland","status":"publish","type":"page","link":"https:\/\/atlantis-abenteuerland.de\/","title":{"rendered":"Herzlich Willkommen im Atlantis-Abenteuerland"},"content":{"rendered":"<blockquote>\n<p style=\"text-align: left;\">Hier erwarten Dich viele spannende Attraktionen und vor allem Action und jede Menge Spa\u00df! Die Spielm\u00f6glichkeiten sind f\u00fcr Kinder und Erwachsene von 0 bis 99 Jahren geeignet. Deine Eltern kommen bei uns ebenfalls nicht zu kurz! Wir bieten euch leckere Angebote f\u00fcr den kleinen und gro\u00dfen Hunger. Diverse kostenlose Spielangebote wie z. B. Billard, Kicker, Airhockey und Photoplayspiele. Auch ein kostenloses WLAN steht euch zur Verf\u00fcgung.<em> \u2013 Euer Atlantis-Abenteuerland-Team<\/em><\/p>\n<\/blockquote>\n<p style=\"text-align: left;\"><img loading=\"lazy\" decoding=\"async\" class=\" wp-image-25 aligncenter\" src=\"https:\/\/atlantis-abenteuerland.de\/wp-content\/uploads\/2017\/06\/shutterstock_201089378trans.png\" alt=\"\" width=\"153\" height=\"146\" \/><\/p>\n<h3 style=\"text-align: center;\"><span style=\"color: #000080;\">Verpassen Sie nichts<\/span><\/h3>\n<a href=\"https:\/\/www.facebook.com\/Atlantis-Abenteuerland-GmbH-125340188057534\/\"><img loading=\"lazy\" decoding=\"async\" class=\"size-full wp-image-177 aligncenter\" src=\"https:\/\/atlantis-abenteuerland.de\/wp-content\/uploads\/2017\/06\/folgenFB_.jpeg\" alt=\"\" width=\"336\" height=\"83\" srcset=\"https:\/\/atlantis-abenteuerland.de\/wp-content\/uploads\/2017\/06\/folgenFB_.jpeg 336w, https:\/\/atlantis-abenteuerland.de\/wp-content\/uploads\/2017\/06\/folgenFB_-300x74.jpeg 300w\" sizes=\"auto, (max-width: 336px) 100vw, 336px\" \/><\/a>\n<h2>Bitte beachtet!<\/h2>\n<div class=\"alert alert-danger\">\n<div style=\"text-align: center;\"><span style=\"font-size: 12pt;\">Die Aufsichtspflicht verbleibt bei den Eltern!<\/span><\/div>\n<div style=\"text-align: center;\"><span style=\"font-size: 12pt;\">Kinder ab 10 Jahren d\u00fcrfen nur mit Vollmacht ohne Aufsicht bei uns in Atlantis-Abenteuerland spielen.<\/span><\/div>\n<\/div>\n<div class=\"alert alert-danger\">Im gesamten Hallenbereich besteht Sockenpflicht!<\/div>\n<div class=\"alert alert-info\">Solltest du deine Socken vergessen haben, kannst du Socken bei uns k\u00e4uflich erwerben.<\/div>\n","protected":false},"excerpt":{"rendered":"<p>Hier erwarten Dich viele spannende Attraktionen und vor allem Action und jede Menge Spa\u00df! Die Spielm\u00f6glichkeiten sind f\u00fcr Kinder und Erwachsene von 0 bis 99 Jahren geeignet. Deine Eltern kommen bei uns ebenfalls nicht zu kurz! Wir bieten euch leckere Angebote f\u00fcr den kleinen und gro\u00dfen Hunger. Diverse kostenlose Spielangebote wie z. B. Billard, Kicker,&#8230;<\/p>\n","protected":false},"author":1,"featured_media":0,"parent":0,"menu_order":0,"comment_status":"closed","ping_status":"closed","template":"","meta":{"_monsterinsights_skip_tracking":false,"_monsterinsights_sitenote_active":false,"_monsterinsights_sitenote_note":"","_monsterinsights_sitenote_category":0,"_joinchat":[],"footnotes":""},"class_list":["post-17","page","type-page","status-publish","hentry"],"_links":{"self":[{"href":"https:\/\/atlantis-abenteuerland.de\/index.php?rest_route=\/wp\/v2\/pages\/17","targetHints":{"allow":["GET"]}}],"collection":[{"href":"https:\/\/atlantis-abenteuerland.de\/index.php?rest_route=\/wp\/v2\/pages"}],"about":[{"href":"https:\/\/atlantis-abenteuerland.de\/index.php?rest_route=\/wp\/v2\/types\/page"}],"author":[{"embeddable":true,"href":"https:\/\/atlantis-abenteuerland.de\/index.php?rest_route=\/wp\/v2\/users\/1"}],"replies":[{"embeddable":true,"href":"https:\/\/atlantis-abenteuerland.de\/index.php?rest_route=%2Fwp%2Fv2%2Fcomments&post=17"}],"version-history":[{"count":19,"href":"https:\/\/atlantis-abenteuerland.de\/index.php?rest_route=\/wp\/v2\/pages\/17\/revisions"}],"predecessor-version":[{"id":472,"href":"https:\/\/atlantis-abenteuerland.de\/index.php?rest_route=\/wp\/v2\/pages\/17\/revisions\/472"}],"wp:attachment":[{"href":"https:\/\/atlantis-abenteuerland.de\/index.php?rest_route=%2Fwp%2Fv2%2Fmedia&parent=17"}],"curies":[{"name":"wp","href":"https:\/\/api.w.org\/{rel}","templated":true}]}}