{"id":190,"date":"2018-05-23T15:05:21","date_gmt":"2018-05-23T15:05:21","guid":{"rendered":"https:\/\/atlantis-abenteuerland.de\/?page_id=190"},"modified":"2018-05-23T15:05:21","modified_gmt":"2018-05-23T15:05:21","slug":"datenschutzhinweis","status":"publish","type":"page","link":"https:\/\/atlantis-abenteuerland.de\/?page_id=190","title":{"rendered":"Datenschutzhinweis"},"content":{"rendered":"<h3>Vielen Dank f\u00fcr Ihren Besuch auf unserer Homepage. Ihre Daten werden so gesch\u00fctzt, wie es die gesetzlichen Vorschriften nach Bundesdatenschutz- und Telemediengesetz vorsehen. Nachfolgende Informationen geben Ihnen Auskunft dar\u00fcber, an welchen Stellen wir w\u00e4hrend Ihres Besuchs auf unserer Internetseite Informationen von Ihnen erhalten und wie wir mit diesen umgehen:<\/h3>\n<h2>Automatisch erfasste Daten<\/h2>\n<p>Bei jedem Zugriff eines Nutzers auf eine Seite unseres Angebots und bei jedem Abruf einer Datei werden Zugriffsdaten \u00fcber diesen Vorgang in einer Protokolldatei auf dem Server gespeichert. \u00dcblicherweise handelt es sich um folgende Informationen, die bei jedem Aufruf einer Internetseite anfallen:<\/p>\n<p>Dateiname der aufgerufenen Seite oder Datei bzw. die im Rahmen von Eingaben \u00fcbergebenen Informationen (z.B. Queryparameter in der URL)<br \/>\nDateiname der Seite, von der aus die aktuelle Seite oder Datei angefordert wurde<br \/>\nDatum, Uhrzeit und Dauer der Anforderung<br \/>\nTyp und Betriebssystem des verwendeten Webbrowsers<br \/>\nIP-Adresse des Clients und ggf. dessen Domainnamen bzw. der Name des Internet-Service-Providers<br \/>\nWir verwenden diese Informationen, um den Auftritt unserer Homepage st\u00e4ndig zu verbessern, zu aktualisieren und somit ihre Attraktivit\u00e4t zu erh\u00f6hen. Eine Identifizierung von Personen durch uns ist dadurch nicht m\u00f6glich.<\/p>\n<h2>Datenerhebung und -verwendung in sonstigen F\u00e4llen<\/h2>\n<p>Dar\u00fcber hinaus werden personenbezogene Daten nur dann erhoben und gespeichert, wenn Sie aktiv Kontakt aufnehmen und nur soweit Sie dabei personenbezogene Daten eingeben oder \u00fcbermitteln, z. B. bei der Bestellung von Prospekten oder bei sonstigen Anfragen per E-Mail.<\/p>\n<p>Alle in diesem Rahmen anfallenden personenbezogenen Daten werden nur zum Zwecke der Abwicklung und Beantwortung Ihrer Anfrage verwendet. Anschlie\u00dfend werden die Daten unverz\u00fcglich gel\u00f6scht.<\/p>\n<p>Etwaige im Rahmen der Abwicklung eingesetzte Dienstleister erhalten lediglich die zu ihrer Aufgabenerf\u00fcllung notwendigen Daten und sind wie auch unsere eigenen Mitarbeiter zur Vertraulichkeit verpflichtet. Au\u00dferhalb dieser Zwecke werden Ihre Daten nicht an Dritte weitergegeben.<\/p>\n<p>Dar\u00fcber hinaus erheben, speichern, verarbeiten und verwenden wir Ihre personenbezogenen Daten nur mit Ihrer vorherigen Einwilligung. Sie k\u00f6nnen auf Anfrage Auskunft \u00fcber Ihre bei Atlantis Abenteuerland GmbH, Im B\u00fcttnerstrich 6, 97456 Hambach gespeicherten Daten und den Inhalt Ihrer Einwilligungserkl\u00e4rung bekommen und Berichtigung, L\u00f6schung oder Sperrung der Daten verlangen.<\/p>\n<p>Sollten Sie im Nachhinein Einw\u00e4nde gegen die Speicherung, Verarbeitung oder Verwendung Ihrer Daten haben, k\u00f6nnen Sie Ihr Einverst\u00e4ndnis jederzeit per E-Mail info@atlantis-abenteuerland.de oder telefonisch unter +499725204888 innerhalb unserer \u00d6ffnungszeiten widerrufen.<\/p>\n<h2>Cookies<\/h2>\n<p>Auf unseren Webseiten kommen Cookies zum Einsatz. Dabei handelt es sich um kleine Dateien, die bei einem Besuch unserer Websites von unserem Webserver an den von Ihnen verwendeten Browser geschickt und von dort auf Ihrem Rechner abgelegt werden. Beim n\u00e4chsten Besuch unserer Seiten sendet Ihr Browser den Cookie wieder an uns zur\u00fcck, wodurch z. B. zuvor von Ihnen vorgenommene Einstellungen oder Eingaben automatisch erneut erstellt werden. Sie k\u00f6nnen durch entsprechende Einstellungen Ihres Browsers die Ablegung von Cookies verhindern. In diesem Fall ist jedoch eine vollst\u00e4ndige Nutzung s\u00e4mtlicher Funktionen auf unseren Websites ggf. nicht m\u00f6glich.<\/p>\n<h2>Sicherheitshinweis<\/h2>\n<p>Bei der Bereitstellung dieses Internetangebots wird Java-Script verwendet. Falls Sie sich aus Sicherheitsgr\u00fcnden dieses nicht nutzbar machen wollen, sollten Sie die entsprechende Einstellung Ihres Browsers deaktivieren.<\/p>\n<h2>Google Analytics<\/h2>\n<p>Diese Website benutzt Google Analytics, einen Webanalysedienst der Google Inc. (\u201eGoogle\u201c). Google Analytics verwendet sog. \u201eCookies\u201c, Textdateien, die auf Ihrem Computer gespeichert werden und die eine Analyse der Benutzung der Website durch Sie erm\u00f6glichen. Die durch den Cookie erzeugten Informationen \u00fcber Ihre Benutzung dieser Website werden in der Regel an einen Server von Google in den USA \u00fcbertragen und dort gespeichert. Ihre IP-Adresse wird von Google jedoch innerhalb von Mitgliedstaaten der Europ\u00e4ischen Union oder in anderen Vertragsstaaten des Abkommens \u00fcber den Europ\u00e4ischen Wirtschaftsraum zuvor gek\u00fcrzt.<\/p>\n<p>Nur in Ausnahmef\u00e4llen wird die volle IP-Adresse an einen Server von Google in den USA \u00fcbertragen und dort gek\u00fcrzt. Im Auftrag des Betreibers dieser Website wird Google diese Informationen benutzen, um Ihre Nutzung der Website auszuwerten, um Reports \u00fcber die Websiteaktivit\u00e4ten zusammenzustellen und um weitere mit der Websitenutzung und der Internetnutzung verbundene Dienstleistungen gegen\u00fcber dem Websitebetreiber zu erbringen.<\/p>\n<p>Die im Rahmen von Google Analytics von Ihrem Browser \u00fcbermittelte IP-Adresse wird nicht mit anderen Daten von Google zusammengef\u00fchrt.<\/p>\n<p>Sie k\u00f6nnen die Speicherung der Cookies durch eine entsprechende Einstellung Ihrer Browser-Software verhindern; wir weisen Sie jedoch darauf hin, dass Sie in diesem Fall gegebenenfalls nicht s\u00e4mtliche Funktionen dieser Website vollumf\u00e4nglich werden nutzen k\u00f6nnen. Sie k\u00f6nnen dar\u00fcber hinaus die Erfassung der durch das Cookie erzeugten und auf Ihre Nutzung der Website bezogenen Daten (inkl. Ihrer IP-Adresse) an Google sowie die Verarbeitung dieser Daten durch Google verhindern, indem Sie einen entsprechenden Browser-Plugin herunterladen und installieren.<\/p>\n<p>N\u00e4here Informationen zu Nutzungsbedingungen und Datenschutz finden Sie in den Google Analytics Bedingungen und in dieser \u00dcbersicht. Wir weisen Sie darauf hin, dass auf dieser Website Google Analytics um den Code \u201egat._anonymizeIp();\u201c erweitert wurde, um eine anonymisierte Erfassung von IP-Adressen (sog. IP-Masking) zu gew\u00e4hrleisten.<\/p>\n","protected":false},"excerpt":{"rendered":"<p>Vielen Dank f\u00fcr Ihren Besuch auf unserer Homepage. Ihre Daten werden so gesch\u00fctzt, wie es die gesetzlichen Vorschriften nach Bundesdatenschutz- und Telemediengesetz vorsehen. Nachfolgende Informationen geben Ihnen Auskunft dar\u00fcber, an welchen Stellen wir w\u00e4hrend Ihres Besuchs auf unserer Internetseite Informationen von Ihnen erhalten und wie wir mit diesen umgehen: Automatisch erfasste Daten Bei jedem Zugriff&#8230;<\/p>\n","protected":false},"author":1,"featured_media":0,"parent":0,"menu_order":0,"comment_status":"closed","ping_status":"closed","template":"","meta":{"_monsterinsights_skip_tracking":false,"_monsterinsights_sitenote_active":false,"_monsterinsights_sitenote_note":"","_monsterinsights_sitenote_category":0,"_joinchat":[],"footnotes":""},"class_list":["post-190","page","type-page","status-publish","hentry"],"_links":{"self":[{"href":"https:\/\/atlantis-abenteuerland.de\/index.php?rest_route=\/wp\/v2\/pages\/190","targetHints":{"allow":["GET"]}}],"collection":[{"href":"https:\/\/atlantis-abenteuerland.de\/index.php?rest_route=\/wp\/v2\/pages"}],"about":[{"href":"https:\/\/atlantis-abenteuerland.de\/index.php?rest_route=\/wp\/v2\/types\/page"}],"author":[{"embeddable":true,"href":"https:\/\/atlantis-abenteuerland.de\/index.php?rest_route=\/wp\/v2\/users\/1"}],"replies":[{"embeddable":true,"href":"https:\/\/atlantis-abenteuerland.de\/index.php?rest_route=%2Fwp%2Fv2%2Fcomments&post=190"}],"version-history":[{"count":1,"href":"https:\/\/atlantis-abenteuerland.de\/index.php?rest_route=\/wp\/v2\/pages\/190\/revisions"}],"predecessor-version":[{"id":191,"href":"https:\/\/atlantis-abenteuerland.de\/index.php?rest_route=\/wp\/v2\/pages\/190\/revisions\/191"}],"wp:attachment":[{"href":"https:\/\/atlantis-abenteuerland.de\/index.php?rest_route=%2Fwp%2Fv2%2Fmedia&parent=190"}],"curies":[{"name":"wp","href":"https:\/\/api.w.org\/{rel}","templated":true}]}}