{"id":374,"date":"2019-11-28T17:09:09","date_gmt":"2019-11-28T17:09:09","guid":{"rendered":"https:\/\/atlantis-abenteuerland.de\/?page_id=374"},"modified":"2019-11-28T17:26:05","modified_gmt":"2019-11-28T17:26:05","slug":"agbs","status":"publish","type":"page","link":"https:\/\/atlantis-abenteuerland.de\/?page_id=374","title":{"rendered":"AGBs"},"content":{"rendered":"\n<div class=\"wp-block-file\"><a href=\"https:\/\/atlantis-abenteuerland.de\/wp-content\/uploads\/2019\/11\/Allgemeine-Gesch\u00e4ftsbedingungen-der-ATLANTIS-ABENTEUERLAND-GmbH.pdf\">Allgemeine Gesch\u00e4ftsbedingungen der ATLANTIS ABENTEUERLAND GmbH<br><br><\/a><a href=\"https:\/\/atlantis-abenteuerland.de\/wp-content\/uploads\/2019\/11\/Allgemeine-Gesch\u00e4ftsbedingungen-der-ATLANTIS-ABENTEUERLAND-GmbH.pdf\" class=\"wp-block-file__button\" download>Herunterladen<\/a><\/div>\n\n\n\n<p> 1. Geltungsbereich <\/p>\n\n\n\n<p>F\u00fcr die Nutzung der Einrichtungen des Atlantis Abenteuerlandes GmbH (Atlantis) durch die Besucher (\u201eBESUCHER\u201c) gelten ausschlie\u00dflich die nachstehenden Allgemeinen Gesch\u00e4ftsbedingungen. <\/p>\n\n\n\n<p>2. Benutzung der Einrichtungen von Atlantis <\/p>\n\n\n\n<p>2.1 Die Einrichtungen von Atlantis d\u00fcrfen nur mit einer g\u00fcltigen Tageskarte betreten werden (Eintrittsgutschein oder Kassenbon). Der Eintrittsnachweis ist w\u00e4hrend des gesamten Aufenthaltes aufzubewahren und auf Verlangen dem Personal von Atlantis vorzuzeigen. <\/p>\n\n\n\n<p>2.2 Die Tages- bzw. Eintrittskarte von Atlantis berechtigt unter den in Ziffer 4 ausgef\u00fchrten Bedingungen zur Inanspruchnahme aller Leistungen, die zum Zeitpunkt des Besuches angeboten werden. Atlantis beh\u00e4lt sich vor, einzelne Attraktionen aus technischen oder Sicherheitsgr\u00fcnden vorl\u00e4ufig bis zur Behebung des technischen Mangels aus dem Angebot zu nehmen. <\/p>\n\n\n\n<p>2.3 Die Besucher sind bei dem Besuch der Einrichtungen von Atlantis verpflichtet, die Hausordnung, die am Eingang aush\u00e4ngt, einzuhalten. Den Anweisungen des Personals von Atlantis ist unbedingt Folge zu leisten. Die Geltendmachung weiterer Anspr\u00fcche, insbesondere auf Unterlassung und Schadenersatz, wird hierdurch nicht ausgeschlossen. <\/p>\n\n\n\n<p>2.4 Die Sicherheitshinweise, die an den einzelnen Einrichtungen durch besonderen Aushang in Text und Bild etc. ausgewiesen sind, sind von allen Benutzern vor Benutzung der jeweiligen Einrichtung zu lesen und stets zu beachten. Das Personal von Atlantis steht f\u00fcr die Fragen der BESUCHER stets zur Verf\u00fcgung. <\/p>\n\n\n\n<p>2.5 Bei Nichteinhaltung der Hausordnung, der Allgemeinen Gesch\u00e4ftsbedingungen oder bei Nichtbefolgung der Anweisungen des Personals von Atlantis durch einen Besucher kann dieser aus der Anlage von Atlantis verwiesen werden. <\/p>\n\n\n\n<p>3. Preise <\/p>\n\n\n\n<p>3.1 Die Tages- bzw. Eintrittskarte von Atlantis berechtigt zur freien Inanspruchnahme aller Leistungen von Atlantis, ausgenommen der geb\u00fchrenpflichtigen Spielger\u00e4ten.<\/p>\n\n\n\n<p>3.2 Atlantis beh\u00e4lt sich vor, jederzeit \u00c4nderungen der Tageseintrittspreise ohne vorherige \u00f6ffentliche Bekanntgabe vorzunehmen. <\/p>\n\n\n\n<p>3.3 Die Tages- bzw. Eintrittskarten berechtigen zum einmaligen Besuch des Spielparks Atlantis und der in Betrieb befindlichen Einrichtungen. Die Tages- bzw. Eintrittskarten sind nicht \u00fcbertragbar. Ein Wiedereintritt am Tag des Besuches ist nur mit einem an der Kasse erh\u00e4ltlichen Wiedereintrittsstempel m\u00f6glich. <\/p>\n\n\n\n<p>3.4 Erm\u00e4\u00dfigungen, die unter bekanntgegebenen Bedingungen erlangt werden k\u00f6nnen, gelten einmalig. Eine Kombination von Erm\u00e4\u00dfigungen ist nicht m\u00f6glich. <\/p>\n\n\n\n<p>4. \u00d6ffnungszeiten <\/p>\n\n\n\n<p>4.1 Die \u00d6ffnungszeiten des Atlantis werden im Eingangsbereich ausgewiesen. Atlantis beh\u00e4lt sich vor, jederzeit \u00c4nderungen der \u00d6ffnungszeiten auch f\u00fcr einzelne Tage ohne vorherige \u00f6ffentliche Bekanntgabe vorzunehmen. Individuelle \u00d6ffnungszeiten, z.B. f\u00fcr Gruppen, k\u00f6nnen vereinbart werden. Diese individuellen \u00d6ffnungszeiten sind nicht f\u00fcr die Allgemeinheit bindend. <\/p>\n\n\n\n<p>5. Haftungsbeschr\u00e4nkung <\/p>\n\n\n\n<p>5.1 F\u00fcr Sachsch\u00e4den haftet Atlantis bei leicht fahrl\u00e4ssiger Pflichtverletzung durch Erf\u00fcllungsgehilfen nur bei Verletzung von Kardinalpflichten, die zu einem vertragstypischen vorhersehbaren Schaden f\u00fchren. <\/p>\n\n\n\n<p>5.2 In den F\u00e4llen der Ziffer 5.1. beschr\u00e4nkt sich die Haftung auf h\u00f6chstens das 15- fache des Tageseintrittspreises. <\/p>\n\n\n\n<p>5.3 Atlantis haftet bei dem Verlust von eingebrachten Gegenst\u00e4nden nur bei Vorsatz und grober Fahrl\u00e4ssigkeit. <\/p>\n\n\n\n<p>6. Aufsichtspflicht <\/p>\n\n\n\n<p>Der Begleitperson ist f\u00fcr die Beaufsichtigung der Kinder verantwortlich und hat insbesondere die Verpflichtung, f\u00fcr die Sicherheit der Kinder Sorge zu tragen und sie vor Sch\u00e4den zu bewahren. Bei Verletzung der Aufsichtspflicht tragen Aufsichtspersonen und Eltern die volle Verantwortung f\u00fcr die hierdurch verursachten Sch\u00e4den. <\/p>\n\n\n\n<p>6.1 Sollte sich ein Kind ohne Begleitung im Atlantis aufhalten wollen, bedarf es eines Haftungsausschluss, der an der Kasse erh\u00e4ltlich ist und auch dort von einem Erziehungsberechtigten auszuf\u00fcllen ist. Dieser ist nur am Tag des Aufenthalts g\u00fcltig. <\/p>\n\n\n\n<p>7. Datenschutz Die Speicherung und Verarbeitung der Kundendaten erfolgt unter strikter Beachtung der datenschutzrechtlichen Bestimmungen durch Atlantis. <\/p>\n","protected":false},"excerpt":{"rendered":"<p>1. Geltungsbereich F\u00fcr die Nutzung der Einrichtungen des Atlantis Abenteuerlandes GmbH (Atlantis) durch die Besucher (\u201eBESUCHER\u201c) gelten ausschlie\u00dflich die nachstehenden Allgemeinen Gesch\u00e4ftsbedingungen. 2. Benutzung der Einrichtungen von Atlantis 2.1 Die Einrichtungen von Atlantis d\u00fcrfen nur mit einer g\u00fcltigen Tageskarte betreten werden (Eintrittsgutschein oder Kassenbon). Der Eintrittsnachweis ist w\u00e4hrend des gesamten Aufenthaltes aufzubewahren und auf Verlangen&#8230;<\/p>\n","protected":false},"author":1,"featured_media":0,"parent":0,"menu_order":0,"comment_status":"closed","ping_status":"closed","template":"","meta":{"_monsterinsights_skip_tracking":false,"_monsterinsights_sitenote_active":false,"_monsterinsights_sitenote_note":"","_monsterinsights_sitenote_category":0,"_joinchat":[],"footnotes":""},"class_list":["post-374","page","type-page","status-publish","hentry"],"_links":{"self":[{"href":"https:\/\/atlantis-abenteuerland.de\/index.php?rest_route=\/wp\/v2\/pages\/374","targetHints":{"allow":["GET"]}}],"collection":[{"href":"https:\/\/atlantis-abenteuerland.de\/index.php?rest_route=\/wp\/v2\/pages"}],"about":[{"href":"https:\/\/atlantis-abenteuerland.de\/index.php?rest_route=\/wp\/v2\/types\/page"}],"author":[{"embeddable":true,"href":"https:\/\/atlantis-abenteuerland.de\/index.php?rest_route=\/wp\/v2\/users\/1"}],"replies":[{"embeddable":true,"href":"https:\/\/atlantis-abenteuerland.de\/index.php?rest_route=%2Fwp%2Fv2%2Fcomments&post=374"}],"version-history":[{"count":3,"href":"https:\/\/atlantis-abenteuerland.de\/index.php?rest_route=\/wp\/v2\/pages\/374\/revisions"}],"predecessor-version":[{"id":383,"href":"https:\/\/atlantis-abenteuerland.de\/index.php?rest_route=\/wp\/v2\/pages\/374\/revisions\/383"}],"wp:attachment":[{"href":"https:\/\/atlantis-abenteuerland.de\/index.php?rest_route=%2Fwp%2Fv2%2Fmedia&parent=374"}],"curies":[{"name":"wp","href":"https:\/\/api.w.org\/{rel}","templated":true}]}}