{"id":51,"date":"2017-08-21T17:57:18","date_gmt":"2017-08-21T17:57:18","guid":{"rendered":"https:\/\/atlantis-abenteuerland.de\/?page_id=51"},"modified":"2025-06-09T10:44:17","modified_gmt":"2025-06-09T10:44:17","slug":"kindergeburtstag","status":"publish","type":"page","link":"https:\/\/atlantis-abenteuerland.de\/?page_id=51","title":{"rendered":"Kindergeburtstag"},"content":{"rendered":"<blockquote>\n<p style=\"text-align: left;\">Ein ganz besonderer Tag f\u00fcr ihr Kind!<\/p>\n<p style=\"text-align: left;\">Eine Geburtstagsparty mit allen Freunden im Indoorspielplatz im Atlantis-Abenteuerland\u00a0macht den Kindergeburtstag unvergesslich.\u00a0Feier mit deinen Freunden und reserviere noch heute eine von insgesamt\u00a0 25 Kindergeburtstagsnieschen<em> \u2013 Euer Atlantis-Abenteuerland-Team<\/em><\/p>\n<\/blockquote>\n<div class=\"su-note\"  style=\"border-color:#e2d9af;border-radius:6px;-moz-border-radius:6px;-webkit-border-radius:6px;\"><div class=\"su-note-inner su-u-clearfix su-u-trim\" style=\"background-color:#fcf3c9;border-color:#ffffff;color:#333333;border-radius:6px;-moz-border-radius:6px;-webkit-border-radius:6px;\">Eine Begleitperson pro Gruppe erh\u00e4lt freien Eintritt.<\/div><\/div>\n<div class=\"su-note\"  style=\"border-color:#e54e4c;border-radius:3px;-moz-border-radius:3px;-webkit-border-radius:3px;\"><div class=\"su-note-inner su-u-clearfix su-u-trim\" style=\"background-color:#ff6866;border-color:#ffffff;color:#333333;border-radius:3px;-moz-border-radius:3px;-webkit-border-radius:3px;\">BITTE BEACHTEN SIE!<br \/>In der gesamten Halle gilt Feuerverbot. Es sind keine Kerzen, Wunderkerzen und Feuer jeglicher Art gestattet. Unsere Mitarbeiter sind dazu angehalten Kerzen, Wunderkerzen etc. bei Missachtung einzubehalten und diese erst bei verlassen der Halle wieder auszuh\u00e4ndigen.<\/div><\/div>\n<h2>W\u00e4hle eine unserer Geburtstagsnischen:<\/h2>\n<a href=\"https:\/\/atlantis-abenteuerland.de\/?page_id=499\" target=\"_blank\" rel=\"noopener\"><img loading=\"lazy\" decoding=\"async\" class=\"alignnone  wp-image-651\" src=\"https:\/\/atlantis-abenteuerland.de\/wp-content\/uploads\/2025\/06\/Geburtstagsnischen.jpg\" alt=\"\" width=\"342\" height=\"71\" srcset=\"https:\/\/atlantis-abenteuerland.de\/wp-content\/uploads\/2025\/06\/Geburtstagsnischen.jpg 462w, https:\/\/atlantis-abenteuerland.de\/wp-content\/uploads\/2025\/06\/Geburtstagsnischen-300x62.jpg 300w\" sizes=\"auto, (max-width: 342px) 100vw, 342px\" \/><\/a>\n<h2>W\u00e4hle eins von unseren Geburtstagspaketen:<\/h2>\n<style>#sp-ea-649 .spcollapsing { height: 0; overflow: hidden; transition-property: height;transition-duration: 300ms;}#sp-ea-649.sp-easy-accordion>.sp-ea-single {margin-bottom: 10px; border: 1px solid #e2e2e2; }#sp-ea-649.sp-easy-accordion>.sp-ea-single>.ea-header a {color: #444;}#sp-ea-649.sp-easy-accordion>.sp-ea-single>.sp-collapse>.ea-body {background: #fff; color: #444;}#sp-ea-649.sp-easy-accordion>.sp-ea-single {background: #eee;}#sp-ea-649.sp-easy-accordion>.sp-ea-single>.ea-header a .ea-expand-icon { float: left; color: #444;font-size: 16px;}<\/style><div id=\"sp_easy_accordion-1749463256\">\n<div id=\"sp-ea-649\" class=\"sp-ea-one sp-easy-accordion\" data-ea-active=\"ea-click\" data-ea-mode=\"vertical\" data-preloader=\"\" data-scroll-active-item=\"\" data-offset-to-scroll=\"0\">\n\n<!-- Start accordion card div. -->\n<div class=\"ea-card  sp-ea-single\">\n\t<!-- Start accordion header. -->\n\t<h3 class=\"ea-header\">\n\t\t<!-- Add anchor tag for header. -->\n\t\t<a class=\"collapsed\" id=\"ea-header-6490\" role=\"button\" data-sptoggle=\"spcollapse\" data-sptarget=\"#collapse6490\" aria-controls=\"collapse6490\" href=\"#\"  aria-expanded=\"false\" tabindex=\"0\">\n\t\t<i aria-hidden=\"true\" role=\"presentation\" class=\"ea-expand-icon eap-icon-ea-expand-plus\"><\/i> 'Nemo' - 14,90\u20ac\t\t<\/a> <!-- Close anchor tag for header. -->\n\t<\/h3>\t<!-- Close header tag. -->\n\t<!-- Start collapsible content div. -->\n\t<div class=\"sp-collapse spcollapse spcollapse\" id=\"collapse6490\" data-parent=\"#sp-ea-649\" role=\"region\" aria-labelledby=\"ea-header-6490\">  <!-- Content div. -->\n\t\t<div class=\"ea-body\">\n\t\t<ul>\n<li style=\"text-align: left\">Eintritt und Reservierung f\u00fcr den ganzen Tag<\/li>\n<li>Kleine \u00dcberraschung f\u00fcr das Geburtstagskind<\/li>\n<li>Geschm\u00fcckter Geburtstagstisch<\/li>\n<li>Kids Men\u00fc:\n<ul>\n<li>Pommes mit Nuggets, Bratwurst oder Wiener<\/li>\n<li>Spaghetti Bolognese oder Napoli<\/li>\n<li>Plus 1\/2 Liter Wasser, Apfelschorle oder Orangenlimo pro Kind<\/li>\n<\/ul>\n<\/li>\n<\/ul>\n<div class=\"su-note\"  style=\"border-color:#7be149;border-radius:6px;-moz-border-radius:6px;-webkit-border-radius:6px;\"><div class=\"su-note-inner su-u-clearfix su-u-trim\" style=\"background-color:#95fb63;border-color:#ffffff;color:#333333;border-radius:6px;-moz-border-radius:6px;-webkit-border-radius:6px;\">Am Tag der Feier zahlen nur die Kinder die wirklich mitkommen<\/div><\/div>\n<div class=\"su-note\"  style=\"border-color:#e5e500;border-radius:6px;-moz-border-radius:6px;-webkit-border-radius:6px;\"><div class=\"su-note-inner su-u-clearfix su-u-trim\" style=\"background-color:#ffff00;border-color:#ffffcc;color:#333333;border-radius:6px;-moz-border-radius:6px;-webkit-border-radius:6px;\">Bitte beachten!<br \/>\nDas gew\u00e4hlte Kids Men\u00fc ist f\u00fcr alle Kinder einheitlich.<br \/>\n<strong>Ausnahme<\/strong>: f\u00fcr Veganer, Vegetarier und Allergiker.<\/div><\/div>\n\t\t<\/div> <!-- Close content div. -->\n\t<\/div> <!-- Close collapse div. -->\n<\/div> <!-- Close card div. -->\n<!-- Start accordion card div. -->\n<div class=\"ea-card  sp-ea-single\">\n\t<!-- Start accordion header. -->\n\t<h3 class=\"ea-header\">\n\t\t<!-- Add anchor tag for header. -->\n\t\t<a class=\"collapsed\" id=\"ea-header-6491\" role=\"button\" data-sptoggle=\"spcollapse\" data-sptarget=\"#collapse6491\" aria-controls=\"collapse6491\" href=\"#\"  aria-expanded=\"false\" tabindex=\"0\">\n\t\t<i aria-hidden=\"true\" role=\"presentation\" class=\"ea-expand-icon eap-icon-ea-expand-plus\"><\/i> 'Dori' - 15,90\u20ac\t\t<\/a> <!-- Close anchor tag for header. -->\n\t<\/h3>\t<!-- Close header tag. -->\n\t<!-- Start collapsible content div. -->\n\t<div class=\"sp-collapse spcollapse spcollapse\" id=\"collapse6491\" data-parent=\"#sp-ea-649\" role=\"region\" aria-labelledby=\"ea-header-6491\">  <!-- Content div. -->\n\t\t<div class=\"ea-body\">\n\t\t<div class=\"su-note\"  style=\"border-color:#7be149;border-radius:6px;-moz-border-radius:6px;-webkit-border-radius:6px;\"><div class=\"su-note-inner su-u-clearfix su-u-trim\" style=\"background-color:#95fb63;border-color:#ffffff;color:#333333;border-radius:6px;-moz-border-radius:6px;-webkit-border-radius:6px;\">Alle Vorteile wie Paket \u201eNemo\u201c<\/div><\/div>\n<ul>\n<li>\u201eTisch wird Themenbezogen\u201c eingedeckt<\/li>\n<li>Deko frei w\u00e4hlbar<\/li>\n<\/ul>\n\t\t<\/div> <!-- Close content div. -->\n\t<\/div> <!-- Close collapse div. -->\n<\/div> <!-- Close card div. -->\n<!-- Start accordion card div. -->\n<div class=\"ea-card  sp-ea-single\">\n\t<!-- Start accordion header. -->\n\t<h3 class=\"ea-header\">\n\t\t<!-- Add anchor tag for header. -->\n\t\t<a class=\"collapsed\" id=\"ea-header-6492\" role=\"button\" data-sptoggle=\"spcollapse\" data-sptarget=\"#collapse6492\" aria-controls=\"collapse6492\" href=\"#\"  aria-expanded=\"false\" tabindex=\"0\">\n\t\t<i aria-hidden=\"true\" role=\"presentation\" class=\"ea-expand-icon eap-icon-ea-expand-plus\"><\/i> Extras\t\t<\/a> <!-- Close anchor tag for header. -->\n\t<\/h3>\t<!-- Close header tag. -->\n\t<!-- Start collapsible content div. -->\n\t<div class=\"sp-collapse spcollapse spcollapse\" id=\"collapse6492\" data-parent=\"#sp-ea-649\" role=\"region\" aria-labelledby=\"ea-header-6492\">  <!-- Content div. -->\n\t\t<div class=\"ea-body\">\n\t\t<p>\n    Sie k\u00f6nnen zu den Paketen \u201e<strong>Nemo<\/strong>\u201c und \u201e<strong>Dori<\/strong>\u201c noch folgende Extras <strong>dazu buchen<\/strong>:\n<\/p>\n<ul>\n<li>\n        Buchung des <strong>Fu\u00dfballsoccers<\/strong> f\u00fcr eine halbe Stunde. Preis pro halbe Stunde: 15,00\u20ac\n    <\/li>\n<li>\n        F\u00fcr 1\u20ac zus\u00e4tzlich pro Kind: ein <strong>Slush Eis<\/strong>\n    <\/li>\n<li>\n        <strong>Kuchen, Motivtorten, Muffins<\/strong> etc. (Preis auf Anfrage)<span style=\"color:red\"><strong>*<\/strong><\/span>\n    <\/li>\n<\/ul>\n<p>\n    <span style=\"color:red\"><strong>*Ab sofort<\/strong><\/span> ist es wieder m\u00f6glich, bei uns <span style=\"color:red\"><strong>Kuchen<\/strong><\/span>, Motiv-<span style=\"color:red\"><strong>Torten<\/strong><\/span>, <span style=\"color:red\"><strong>Zahlenkuchen<\/strong><\/span> und <span style=\"color:red\"><strong>Muffins<\/strong><\/span> (oder nach Absprache andere Leckereien mit <span style=\"color:red\"><strong><u>HAAS DELIGHT<\/u><\/strong><\/span>) zu euren Geburtstagspaketen dazu zu bestellen. <span style=\"color:red\"><i><strong>Bitte wendet euch bei Fragen und Bestellungen direkt an die Firma, die euch den Kuchen macht. Dort bekommt ihr alle Infos, die ihr ben\u00f6tigt.<\/strong><\/i><\/span>\n<\/p>\n<p>\n    <i><strong>&nbsp;<\/strong><\/i> <a style=\"color:red\" target=\"_blank\" rel=\"noopener noreferrer\" href=\"https:\/\/atlantis-abenteuerland.de\/?page_id=663\"><i><strong><u>\u279c zu den Kontaktdaten<\/u><\/strong><\/i><\/a><\/p>\n\t\t<\/div> <!-- Close content div. -->\n\t<\/div> <!-- Close collapse div. -->\n<\/div> <!-- Close card div. -->\n<\/div>\n<\/div>\n\n<a href=\"https:\/\/atlantis-abenteuerland.de\/?page_id=126\" target=\"_blank\" rel=\"noopener\" data-wp-editing=\"1\"><img loading=\"lazy\" decoding=\"async\" class=\"alignnone wp-image-652\" src=\"https:\/\/atlantis-abenteuerland.de\/wp-content\/uploads\/2025\/06\/ReservierungsFormular.jpg\" alt=\"\" width=\"345\" height=\"80\" srcset=\"https:\/\/atlantis-abenteuerland.de\/wp-content\/uploads\/2025\/06\/ReservierungsFormular.jpg 603w, https:\/\/atlantis-abenteuerland.de\/wp-content\/uploads\/2025\/06\/ReservierungsFormular-300x70.jpg 300w\" sizes=\"auto, (max-width: 345px) 100vw, 345px\" \/><\/a>\n<a href=\"https:\/\/atlantis-abenteuerland.de\/wp-content\/uploads\/2017\/08\/einladungskarten.pdf\" target=\"_blank\" rel=\"noopener\"><img loading=\"lazy\" decoding=\"async\" class=\"alignnone  wp-image-650\" src=\"https:\/\/atlantis-abenteuerland.de\/wp-content\/uploads\/2025\/06\/Einladungskarte.jpg\" alt=\"\" width=\"271\" height=\"70\" srcset=\"https:\/\/atlantis-abenteuerland.de\/wp-content\/uploads\/2025\/06\/Einladungskarte.jpg 530w, https:\/\/atlantis-abenteuerland.de\/wp-content\/uploads\/2025\/06\/Einladungskarte-300x78.jpg 300w\" sizes=\"auto, (max-width: 271px) 100vw, 271px\" \/><\/a>\n\n\n<p><\/p>\n","protected":false},"excerpt":{"rendered":"<p>Ein ganz besonderer Tag f\u00fcr ihr Kind! Eine Geburtstagsparty mit allen Freunden im Indoorspielplatz im Atlantis-Abenteuerland\u00a0macht den Kindergeburtstag unvergesslich.\u00a0Feier mit deinen Freunden und reserviere noch heute eine von insgesamt\u00a0 25 Kindergeburtstagsnieschen \u2013 Euer Atlantis-Abenteuerland-Team W\u00e4hle eine unserer Geburtstagsnischen: W\u00e4hle eins von unseren Geburtstagspaketen:<\/p>\n","protected":false},"author":1,"featured_media":0,"parent":0,"menu_order":0,"comment_status":"closed","ping_status":"closed","template":"","meta":{"_monsterinsights_skip_tracking":false,"_monsterinsights_sitenote_active":false,"_monsterinsights_sitenote_note":"","_monsterinsights_sitenote_category":0,"_joinchat":[],"footnotes":""},"class_list":["post-51","page","type-page","status-publish","hentry"],"_links":{"self":[{"href":"https:\/\/atlantis-abenteuerland.de\/index.php?rest_route=\/wp\/v2\/pages\/51","targetHints":{"allow":["GET"]}}],"collection":[{"href":"https:\/\/atlantis-abenteuerland.de\/index.php?rest_route=\/wp\/v2\/pages"}],"about":[{"href":"https:\/\/atlantis-abenteuerland.de\/index.php?rest_route=\/wp\/v2\/types\/page"}],"author":[{"embeddable":true,"href":"https:\/\/atlantis-abenteuerland.de\/index.php?rest_route=\/wp\/v2\/users\/1"}],"replies":[{"embeddable":true,"href":"https:\/\/atlantis-abenteuerland.de\/index.php?rest_route=%2Fwp%2Fv2%2Fcomments&post=51"}],"version-history":[{"count":80,"href":"https:\/\/atlantis-abenteuerland.de\/index.php?rest_route=\/wp\/v2\/pages\/51\/revisions"}],"predecessor-version":[{"id":662,"href":"https:\/\/atlantis-abenteuerland.de\/index.php?rest_route=\/wp\/v2\/pages\/51\/revisions\/662"}],"wp:attachment":[{"href":"https:\/\/atlantis-abenteuerland.de\/index.php?rest_route=%2Fwp%2Fv2%2Fmedia&parent=51"}],"curies":[{"name":"wp","href":"https:\/\/api.w.org\/{rel}","templated":true}]}}