{"id":53,"date":"2017-08-21T17:59:01","date_gmt":"2017-08-21T17:59:01","guid":{"rendered":"https:\/\/atlantis-abenteuerland.de\/?page_id=53"},"modified":"2023-10-27T08:53:46","modified_gmt":"2023-10-27T08:53:46","slug":"bistro","status":"publish","type":"page","link":"https:\/\/atlantis-abenteuerland.de\/?page_id=53","title":{"rendered":"Bistro"},"content":{"rendered":"<div class=\"alert alert-info\">In unserem Bistro finden Sie eine gro\u00dfe Auswahl an Essen und Getr\u00e4nken. Gerne k\u00f6nnen Sie kleine Snacks, Obst, Kuchen, Muffins, Knabbereien oder Getr\u00e4nke mitbringen. Nicht erlaubt sind warme Speisen ( Pizza, D\u00f6ner etc. ) Buffets, Salate oder Lieferdienste wie Mc Donalds und co. <\/div>\n","protected":false},"excerpt":{"rendered":"","protected":false},"author":1,"featured_media":0,"parent":0,"menu_order":0,"comment_status":"closed","ping_status":"closed","template":"","meta":{"_monsterinsights_skip_tracking":false,"_monsterinsights_sitenote_active":false,"_monsterinsights_sitenote_note":"","_monsterinsights_sitenote_category":0,"_joinchat":[],"footnotes":""},"class_list":["post-53","page","type-page","status-publish","hentry"],"_links":{"self":[{"href":"https:\/\/atlantis-abenteuerland.de\/index.php?rest_route=\/wp\/v2\/pages\/53","targetHints":{"allow":["GET"]}}],"collection":[{"href":"https:\/\/atlantis-abenteuerland.de\/index.php?rest_route=\/wp\/v2\/pages"}],"about":[{"href":"https:\/\/atlantis-abenteuerland.de\/index.php?rest_route=\/wp\/v2\/types\/page"}],"author":[{"embeddable":true,"href":"https:\/\/atlantis-abenteuerland.de\/index.php?rest_route=\/wp\/v2\/users\/1"}],"replies":[{"embeddable":true,"href":"https:\/\/atlantis-abenteuerland.de\/index.php?rest_route=%2Fwp%2Fv2%2Fcomments&post=53"}],"version-history":[{"count":32,"href":"https:\/\/atlantis-abenteuerland.de\/index.php?rest_route=\/wp\/v2\/pages\/53\/revisions"}],"predecessor-version":[{"id":579,"href":"https:\/\/atlantis-abenteuerland.de\/index.php?rest_route=\/wp\/v2\/pages\/53\/revisions\/579"}],"wp:attachment":[{"href":"https:\/\/atlantis-abenteuerland.de\/index.php?rest_route=%2Fwp%2Fv2%2Fmedia&parent=53"}],"curies":[{"name":"wp","href":"https:\/\/api.w.org\/{rel}","templated":true}]}}